
{"id":10239,"date":"2017-08-07T09:34:01","date_gmt":"2017-08-07T07:34:01","guid":{"rendered":"http:\/\/luckymanconcerts.de\/?page_id=10239"},"modified":"2024-05-21T18:54:13","modified_gmt":"2024-05-21T16:54:13","slug":"frank-zappa-night","status":"publish","type":"page","link":"https:\/\/www.luckymanconcerts.de\/?page_id=10239","title":{"rendered":"Fido<br>Plays Zappa"},"content":{"rendered":"<p><strong>Vorverkauf:<\/strong> 28 \u20ac (zzgl. Geb\u00fchren)<br \/>\n<strong>Abendkasse:<\/strong> 34 \u20ac<br \/>\n<strong>Reservierung:<\/strong> 31 \u20ac (inkl. Geb\u00fchren)<br \/>\nluckyman concerts GbR<br \/>\nReservierungshotline +(49) 179 \/ 13 14 92 2<br \/>\nKiosk am Brunnenhof \/ Garching\/Alz \/ +(49) 08634 \/ 98 66 61 6<\/p>\n<p><strong>Erm\u00e4\u00dfigte Tickets:<\/strong> 23 \u20ac (zzgl. Geb\u00fchren)<br \/>\n5 \u20ac Erm\u00e4\u00dfigung f\u00fcr BUFDIS, Sch\u00fcler, Studenten und Schwerbehinderte<br \/>\nRollstuhlfahrer zahlen keinen Eintritt \/ Anmeldung +(49) 179 \/ 13 14 92 2<br \/>\n<strong>Vorverkaufstellen:<\/strong><br \/>\n<a href=\"https:\/\/events.fairetickets.de\/q7erm\/\" target=\"_blank\" rel=\"noopener\">Faire Tickets GmbH<\/a><br \/>\nKiosk am Brunnenhof \/ Garching\/Alz \/ +(49) 08634 \/ 98 66 61 6<br \/>\n<strong>Restkarten:<\/strong> An der Abendkasse vorhanden<\/p>\n<p>&nbsp;<\/p>\n<p><a href=\"http:\/\/luckymanconcerts.de\/?page_id=152\">Allgemeine Gesch\u00e4ftsbedingungen<\/a><\/p>\n","protected":false},"excerpt":{"rendered":"<p>Vorverkauf: 28 \u20ac (zzgl. Geb\u00fchren) Abendkasse: 34 \u20ac Reservierung: 31 \u20ac (inkl. Geb\u00fchren) luckyman concerts GbR Reservierungshotline +(49) 179 \/ 13 14 92 2 Kiosk am Brunnenhof \/ Garching\/Alz \/ +(49) 08634 \/ 98 66 61 6 Erm\u00e4\u00dfigte Tickets: 23 \u20ac (zzgl. Geb\u00fchren) 5 \u20ac Erm\u00e4\u00dfigung f\u00fcr BUFDIS, Sch\u00fcler, Studenten und Schwerbehinderte Rollstuhlfahrer zahlen keinen&hellip;<\/p>\n","protected":false},"author":5,"featured_media":0,"parent":0,"menu_order":0,"comment_status":"closed","ping_status":"closed","template":"","meta":{"_et_pb_use_builder":"","_et_pb_old_content":"","_et_gb_content_width":"","ngg_post_thumbnail":0,"footnotes":""},"class_list":["post-10239","page","type-page","status-publish","hentry"],"_links":{"self":[{"href":"https:\/\/www.luckymanconcerts.de\/index.php?rest_route=\/wp\/v2\/pages\/10239","targetHints":{"allow":["GET"]}}],"collection":[{"href":"https:\/\/www.luckymanconcerts.de\/index.php?rest_route=\/wp\/v2\/pages"}],"about":[{"href":"https:\/\/www.luckymanconcerts.de\/index.php?rest_route=\/wp\/v2\/types\/page"}],"author":[{"embeddable":true,"href":"https:\/\/www.luckymanconcerts.de\/index.php?rest_route=\/wp\/v2\/users\/5"}],"replies":[{"embeddable":true,"href":"https:\/\/www.luckymanconcerts.de\/index.php?rest_route=%2Fwp%2Fv2%2Fcomments&post=10239"}],"version-history":[{"count":6,"href":"https:\/\/www.luckymanconcerts.de\/index.php?rest_route=\/wp\/v2\/pages\/10239\/revisions"}],"predecessor-version":[{"id":17666,"href":"https:\/\/www.luckymanconcerts.de\/index.php?rest_route=\/wp\/v2\/pages\/10239\/revisions\/17666"}],"wp:attachment":[{"href":"https:\/\/www.luckymanconcerts.de\/index.php?rest_route=%2Fwp%2Fv2%2Fmedia&parent=10239"}],"curies":[{"name":"wp","href":"https:\/\/api.w.org\/{rel}","templated":true}]}}