
{"id":16688,"date":"2022-12-23T20:42:34","date_gmt":"2022-12-23T18:42:34","guid":{"rendered":"https:\/\/www.luckymanconcerts.de\/?page_id=16688"},"modified":"2025-11-24T12:35:46","modified_gmt":"2025-11-24T10:35:46","slug":"sainted-sinners","status":"publish","type":"page","link":"https:\/\/www.luckymanconcerts.de\/?page_id=16688","title":{"rendered":"Sainted Sinners"},"content":{"rendered":"<p>Vorverkauf: 28 \u20ac<\/p>\n<p><strong>Abendkasse:<\/strong> 30 \u20ac<\/p>\n<p><strong>Reservierung:<\/strong> 28 \u20ac<br \/>\n<a href=\"https:\/\/www.luckymanconcerts.de\/?page_id=679\" target=\"_blank\" rel=\"noopener\">luckyman concerts GbR<\/a><br \/>\nReservierungshotline +(49) 179 \/ 13 14 92 2<br \/>\nKiosk am Brunnenhof \/ Garching\/Alz \/ +(49) 08634 \/ 98 66 61 6<\/p>\n<p><strong>Erm\u00e4\u00dfigte Tickets:<\/strong> 23 \u20ac<br \/>\n5 \u20ac Erm\u00e4\u00dfigung f\u00fcr BUFDIS, Sch\u00fcler, Studenten und Schwerbehinderte<br \/>\nRollstuhlfahrer zahlen keinen Eintritt \/ Anmeldung +(49) 179 \/ 13 14 92 2<\/p>\n<p><strong>Vorverkaufstellen:<\/strong><br \/>\n<a href=\"https:\/\/events.fairetickets.de\/9zdju\/c\/Uqjh1LKy9\/\" target=\"_blank\" rel=\"noopener\">Faire Tickets GmbH<\/a><br \/>\nGasthaus Zum Br\u00e4u \/ Garching &#8211; Wald\/Alz \/ +(49) 08634 \/ 66 52 29<br \/>\nKiosk am Brunnenhof \/ Garching\/Alz \/ +(49) 08634 \/ 98 66 61 6<\/p>\n<p><strong>Restkarten:<\/strong> An der Abendkasse vorhanden<\/p>\n<p><a href=\"https:\/\/www.luckymanconcerts.de\/?page_id=152\" target=\"_blank\" rel=\"noopener\">Allgemeine Gesch\u00e4ftsbedingungen<\/a><\/p>\n<p>&nbsp;<\/p>\n","protected":false},"excerpt":{"rendered":"<p>Vorverkauf: 28 \u20ac Abendkasse: 30 \u20ac Reservierung: 28 \u20ac luckyman concerts GbR Reservierungshotline +(49) 179 \/ 13 14 92 2 Kiosk am Brunnenhof \/ Garching\/Alz \/ +(49) 08634 \/ 98 66 61 6 Erm\u00e4\u00dfigte Tickets: 23 \u20ac 5 \u20ac Erm\u00e4\u00dfigung f\u00fcr BUFDIS, Sch\u00fcler, Studenten und Schwerbehinderte Rollstuhlfahrer zahlen keinen Eintritt \/ Anmeldung +(49) 179 \/&hellip;<\/p>\n","protected":false},"author":5,"featured_media":0,"parent":0,"menu_order":0,"comment_status":"closed","ping_status":"closed","template":"","meta":{"_et_pb_use_builder":"","_et_pb_old_content":"","_et_gb_content_width":"","ngg_post_thumbnail":0,"footnotes":""},"class_list":["post-16688","page","type-page","status-publish","hentry"],"_links":{"self":[{"href":"https:\/\/www.luckymanconcerts.de\/index.php?rest_route=\/wp\/v2\/pages\/16688","targetHints":{"allow":["GET"]}}],"collection":[{"href":"https:\/\/www.luckymanconcerts.de\/index.php?rest_route=\/wp\/v2\/pages"}],"about":[{"href":"https:\/\/www.luckymanconcerts.de\/index.php?rest_route=\/wp\/v2\/types\/page"}],"author":[{"embeddable":true,"href":"https:\/\/www.luckymanconcerts.de\/index.php?rest_route=\/wp\/v2\/users\/5"}],"replies":[{"embeddable":true,"href":"https:\/\/www.luckymanconcerts.de\/index.php?rest_route=%2Fwp%2Fv2%2Fcomments&post=16688"}],"version-history":[{"count":6,"href":"https:\/\/www.luckymanconcerts.de\/index.php?rest_route=\/wp\/v2\/pages\/16688\/revisions"}],"predecessor-version":[{"id":19076,"href":"https:\/\/www.luckymanconcerts.de\/index.php?rest_route=\/wp\/v2\/pages\/16688\/revisions\/19076"}],"wp:attachment":[{"href":"https:\/\/www.luckymanconcerts.de\/index.php?rest_route=%2Fwp%2Fv2%2Fmedia&parent=16688"}],"curies":[{"name":"wp","href":"https:\/\/api.w.org\/{rel}","templated":true}]}}