
{"id":16871,"date":"2023-04-05T20:25:59","date_gmt":"2023-04-05T18:25:59","guid":{"rendered":"https:\/\/www.luckymanconcerts.de\/?page_id=16871"},"modified":"2023-09-01T13:02:44","modified_gmt":"2023-09-01T11:02:44","slug":"colosseum","status":"publish","type":"page","link":"https:\/\/www.luckymanconcerts.de\/?page_id=16871","title":{"rendered":"Colosseum"},"content":{"rendered":"<div class=\"page-body clearfix\">\n<p><strong>Ticketinfo<br \/>\nVorverkauf:<\/strong> 37 \u20ac (inkl. Geb\u00fchren)&nbsp;<br \/>\n<strong>Abendkasse:<\/strong> 40 \u20ac<br \/>\n<strong>Reservierung: <\/strong>Nicht m\u00f6glich<br \/>\n<strong>Erm\u00e4\u00dfigte Tickets:<\/strong> Nicht m\u00f6glich<br \/>\nRollstuhlfahrer zahlen keinen Eintritt \/ Anmeldung unter Tel. +(49) 08634 \/ 98 66 61 6<br \/>\n<strong>Vorverkaufstellen:<\/strong><br \/>\n<a href=\"https:\/\/buergerzentrum.fairetickets.de\/colosseum\/\" target=\"_blank\" rel=\"noopener\">Faire Tickets GmbH<\/a><br \/>\n<a href=\"https:\/\/www.reservix.de\/tickets-colosseum-the-return-of-a-legend-tour-in-burgkirchen-ad-alz-buergerzentrum-burgkirchen-ad-alz-am-5-10-2023\/e2149085\" target=\"_blank\" rel=\"noopener\">Reservix<\/a><br \/>\nB\u00fcrgerzentrum Burgkirchen \/ +(49) 08679 \/ 30 92 22<br \/>\n<strong>Restkarten:<\/strong> An der Abendkasse vorhanden<\/p>\n<p><a href=\"http:\/\/luckymanconcerts.de\/?page_id=152\">Allgemeine Gesch\u00e4ftsbedingungen<\/a><\/p>\n<\/div>\n","protected":false},"excerpt":{"rendered":"<p>Ticketinfo Vorverkauf: 37 \u20ac (inkl. Geb\u00fchren)&nbsp; Abendkasse: 40 \u20ac Reservierung: Nicht m\u00f6glich Erm\u00e4\u00dfigte Tickets: Nicht m\u00f6glich Rollstuhlfahrer zahlen keinen Eintritt \/ Anmeldung unter Tel. +(49) 08634 \/ 98 66 61 6 Vorverkaufstellen: Faire Tickets GmbH Reservix B\u00fcrgerzentrum Burgkirchen \/ +(49) 08679 \/ 30 92 22 Restkarten: An der Abendkasse vorhanden Allgemeine Gesch\u00e4ftsbedingungen<\/p>\n","protected":false},"author":5,"featured_media":0,"parent":0,"menu_order":0,"comment_status":"closed","ping_status":"closed","template":"","meta":{"_et_pb_use_builder":"","_et_pb_old_content":"","_et_gb_content_width":"","ngg_post_thumbnail":0,"footnotes":""},"class_list":["post-16871","page","type-page","status-publish","hentry"],"_links":{"self":[{"href":"https:\/\/www.luckymanconcerts.de\/index.php?rest_route=\/wp\/v2\/pages\/16871","targetHints":{"allow":["GET"]}}],"collection":[{"href":"https:\/\/www.luckymanconcerts.de\/index.php?rest_route=\/wp\/v2\/pages"}],"about":[{"href":"https:\/\/www.luckymanconcerts.de\/index.php?rest_route=\/wp\/v2\/types\/page"}],"author":[{"embeddable":true,"href":"https:\/\/www.luckymanconcerts.de\/index.php?rest_route=\/wp\/v2\/users\/5"}],"replies":[{"embeddable":true,"href":"https:\/\/www.luckymanconcerts.de\/index.php?rest_route=%2Fwp%2Fv2%2Fcomments&post=16871"}],"version-history":[{"count":5,"href":"https:\/\/www.luckymanconcerts.de\/index.php?rest_route=\/wp\/v2\/pages\/16871\/revisions"}],"predecessor-version":[{"id":17294,"href":"https:\/\/www.luckymanconcerts.de\/index.php?rest_route=\/wp\/v2\/pages\/16871\/revisions\/17294"}],"wp:attachment":[{"href":"https:\/\/www.luckymanconcerts.de\/index.php?rest_route=%2Fwp%2Fv2%2Fmedia&parent=16871"}],"curies":[{"name":"wp","href":"https:\/\/api.w.org\/{rel}","templated":true}]}}