
{"id":18211,"date":"2025-01-16T16:15:18","date_gmt":"2025-01-16T14:15:18","guid":{"rendered":"https:\/\/www.luckymanconcerts.de\/?page_id=18211"},"modified":"2025-01-16T16:27:56","modified_gmt":"2025-01-16T14:27:56","slug":"glam-gang","status":"publish","type":"page","link":"https:\/\/www.luckymanconcerts.de\/?page_id=18211","title":{"rendered":"Glam Gang"},"content":{"rendered":"<p><strong>Vorverkauf:<\/strong> 24 \u20ac (zzgl. Geb\u00fchren)<br \/>\n<strong>Abendkasse:<\/strong> 29 \u20ac<br \/>\n<strong>Reservierung:<\/strong> 27 \u20ac (inkl. Geb\u00fchren)<br \/>\n<a href=\"https:\/\/www.luckymanconcerts.de\/?page_id=679\" target=\"_blank\" rel=\"noopener\">luckyman concerts GbR<\/a><br \/>\nReservierungshotline +(49) 179 \/ 13 14 92 2<br \/>\nKiosk am Brunnenhof \/ Garching\/Alz \/ +(49) 08634 \/ 98 66 61 6<br \/>\n<strong>Erm\u00e4\u00dfigte Tickets:<\/strong> 19 \u20ac (zzgl. Geb\u00fchren)<br \/>\n5 \u20ac Erm\u00e4\u00dfigung f\u00fcr BUFDIS, Sch\u00fcler, Studenten und Schwerbehinderte ab 70 %<br \/>\nRollstuhlfahrer zahlen keinen Eintritt \/ Anmeldung +(49) 179 \/ 13 14 92 2<br \/>\n<strong>Vorverkaufstellen:<\/strong><br \/>\n<a href=\"https:\/\/buergerzentrum.fairetickets.de\/jx3mb\/\" target=\"_blank\" rel=\"noopener\">Faire Tickets GmbH<\/a><br \/>\nKiosk am Brunnenhof \/ Garching\/Alz \/ +(49) 08634 \/ 98 66 61 6<br \/>\nRestkarten: An der Abendkasse vorhanden<\/p>\n<p><a href=\"http:\/\/luckymanconcerts.de\/?page_id=152\">Allgemeine Gesch\u00e4ftsbedingungen<\/a><\/p>\n","protected":false},"excerpt":{"rendered":"<p>Vorverkauf: 24 \u20ac (zzgl. Geb\u00fchren) Abendkasse: 29 \u20ac Reservierung: 27 \u20ac (inkl. Geb\u00fchren) luckyman concerts GbR Reservierungshotline +(49) 179 \/ 13 14 92 2 Kiosk am Brunnenhof \/ Garching\/Alz \/ +(49) 08634 \/ 98 66 61 6 Erm\u00e4\u00dfigte Tickets: 19 \u20ac (zzgl. Geb\u00fchren) 5 \u20ac Erm\u00e4\u00dfigung f\u00fcr BUFDIS, Sch\u00fcler, Studenten und Schwerbehinderte ab 70 %&hellip;<\/p>\n","protected":false},"author":5,"featured_media":0,"parent":0,"menu_order":0,"comment_status":"closed","ping_status":"closed","template":"","meta":{"_et_pb_use_builder":"","_et_pb_old_content":"","_et_gb_content_width":"","ngg_post_thumbnail":0,"footnotes":""},"class_list":["post-18211","page","type-page","status-publish","hentry"],"_links":{"self":[{"href":"https:\/\/www.luckymanconcerts.de\/index.php?rest_route=\/wp\/v2\/pages\/18211","targetHints":{"allow":["GET"]}}],"collection":[{"href":"https:\/\/www.luckymanconcerts.de\/index.php?rest_route=\/wp\/v2\/pages"}],"about":[{"href":"https:\/\/www.luckymanconcerts.de\/index.php?rest_route=\/wp\/v2\/types\/page"}],"author":[{"embeddable":true,"href":"https:\/\/www.luckymanconcerts.de\/index.php?rest_route=\/wp\/v2\/users\/5"}],"replies":[{"embeddable":true,"href":"https:\/\/www.luckymanconcerts.de\/index.php?rest_route=%2Fwp%2Fv2%2Fcomments&post=18211"}],"version-history":[{"count":4,"href":"https:\/\/www.luckymanconcerts.de\/index.php?rest_route=\/wp\/v2\/pages\/18211\/revisions"}],"predecessor-version":[{"id":18215,"href":"https:\/\/www.luckymanconcerts.de\/index.php?rest_route=\/wp\/v2\/pages\/18211\/revisions\/18215"}],"wp:attachment":[{"href":"https:\/\/www.luckymanconcerts.de\/index.php?rest_route=%2Fwp%2Fv2%2Fmedia&parent=18211"}],"curies":[{"name":"wp","href":"https:\/\/api.w.org\/{rel}","templated":true}]}}