
{"id":18314,"date":"2025-03-17T21:36:20","date_gmt":"2025-03-17T19:36:20","guid":{"rendered":"https:\/\/www.luckymanconcerts.de\/?page_id=18314"},"modified":"2026-03-30T11:37:51","modified_gmt":"2026-03-30T09:37:51","slug":"pw-a-ae-a","status":"publish","type":"page","link":"https:\/\/www.luckymanconcerts.de\/?page_id=18314","title":{"rendered":"Petzenhauser &#038; W\u00e4hlt"},"content":{"rendered":"<p><strong>Vorverkauf:<\/strong><br \/>\nKategorie 1: 32,80 \u20ac<br \/>\nKategorie 2: 29,80 \u20ac<br \/>\nGalerie: 32,80 \u20ac<\/p>\n<p><strong>Abendkasse:<\/strong> 35 \u20ac<\/p>\n<p><strong>Reservierung:<\/strong> Keine Reservierung<\/p>\n<p><strong>Erm\u00e4\u00dfigte Tickets:<\/strong> Keine Erm\u00e4\u00dfigung<\/p>\n<p><strong>Vorverkaufstellen:<\/strong> <a href=\"https:\/\/buergerzentrum.fairetickets.de\/qhz8f\/c\/CN08AvdlI\/\" target=\"_blank\" rel=\"noopener\">Faire Tickets GmbH<\/a><\/p>\n<p><strong>Restkarten:<\/strong> An der Abendkasse vorhanden<\/p>\n<p>&nbsp;<\/p>\n<p><a href=\"http:\/\/luckymanconcerts.de\/?page_id=152\">Allgemeine Gesch\u00e4ftsbedingungen<\/a><\/p>\n","protected":false},"excerpt":{"rendered":"<p>Vorverkauf: Kategorie 1: 32,80 \u20ac Kategorie 2: 29,80 \u20ac Galerie: 32,80 \u20ac Abendkasse: 35 \u20ac Reservierung: Keine Reservierung Erm\u00e4\u00dfigte Tickets: Keine Erm\u00e4\u00dfigung Vorverkaufstellen: Faire Tickets GmbH Restkarten: An der Abendkasse vorhanden &nbsp; Allgemeine Gesch\u00e4ftsbedingungen<\/p>\n","protected":false},"author":8,"featured_media":0,"parent":0,"menu_order":4,"comment_status":"closed","ping_status":"closed","template":"","meta":{"_et_pb_use_builder":"","_et_pb_old_content":"","_et_gb_content_width":"","ngg_post_thumbnail":0,"footnotes":""},"class_list":["post-18314","page","type-page","status-publish","hentry"],"_links":{"self":[{"href":"https:\/\/www.luckymanconcerts.de\/index.php?rest_route=\/wp\/v2\/pages\/18314","targetHints":{"allow":["GET"]}}],"collection":[{"href":"https:\/\/www.luckymanconcerts.de\/index.php?rest_route=\/wp\/v2\/pages"}],"about":[{"href":"https:\/\/www.luckymanconcerts.de\/index.php?rest_route=\/wp\/v2\/types\/page"}],"author":[{"embeddable":true,"href":"https:\/\/www.luckymanconcerts.de\/index.php?rest_route=\/wp\/v2\/users\/8"}],"replies":[{"embeddable":true,"href":"https:\/\/www.luckymanconcerts.de\/index.php?rest_route=%2Fwp%2Fv2%2Fcomments&post=18314"}],"version-history":[{"count":5,"href":"https:\/\/www.luckymanconcerts.de\/index.php?rest_route=\/wp\/v2\/pages\/18314\/revisions"}],"predecessor-version":[{"id":19348,"href":"https:\/\/www.luckymanconcerts.de\/index.php?rest_route=\/wp\/v2\/pages\/18314\/revisions\/19348"}],"wp:attachment":[{"href":"https:\/\/www.luckymanconcerts.de\/index.php?rest_route=%2Fwp%2Fv2%2Fmedia&parent=18314"}],"curies":[{"name":"wp","href":"https:\/\/api.w.org\/{rel}","templated":true}]}}