
{"id":19221,"date":"2026-01-12T12:16:23","date_gmt":"2026-01-12T10:16:23","guid":{"rendered":"https:\/\/www.luckymanconcerts.de\/?page_id=19221"},"modified":"2026-01-12T12:16:23","modified_gmt":"2026-01-12T10:16:23","slug":"ultimate-eagles","status":"publish","type":"page","link":"https:\/\/www.luckymanconcerts.de\/?page_id=19221","title":{"rendered":"ULTIMATE EAGLES"},"content":{"rendered":"<p><strong>Vorverkauf:<\/strong> 35 \u20ac<\/p>\n<p><strong>Abendkasse:<\/strong> 40 \u20ac<\/p>\n<p><strong>Reservierung:<\/strong> 35 \u20ac<br \/>\nluckyman concerts GbR<br \/>\nReservierungshotline +(49) 179 \/ 13 14 92 2<br \/>\nKiosk am Brunnenhof \/ Garching\/Alz \/ +(49) 08634 \/ 98 66 61 6<\/p>\n<p><strong>Erm\u00e4\u00dfigte Tickets:<\/strong> 30 \u20ac<br \/>\n5 \u20ac Erm\u00e4\u00dfigung f\u00fcr BUFDIS, Sch\u00fcler, Studenten und Schwerbehinderte<br \/>\nRollstuhlfahrer zahlen keinen Eintritt \/ Anmeldung +(49) 179 \/ 13 14 92 2<\/p>\n<p><strong>Vorverkaufstellen:<\/strong><br \/>\n<a href=\"https:\/\/buergerzentrum.fairetickets.de\/hpsu8\/\" target=\"_blank\" rel=\"noopener\">Faire Tickets GmbH<\/a><br \/>\nB\u00fcrgerzentrum \/ Burgkirchen a. d. Alz \/ +(49) 08679 \/ 309 &#8211; 222<br \/>\nKiosk am Brunnenhof \/ Garching\/Alz \/ +(49) 08634 \/ 98 66 61 6<\/p>\n<p><strong>Restkarten:<\/strong> An der Abendkasse vorhanden<\/p>\n<p><a href=\"https:\/\/www.luckymanconcerts.de\/?page_id=152\" target=\"_blank\" rel=\"noopener\">Allgemeine Gesch\u00e4ftsbedingungen<\/a><\/p>\n","protected":false},"excerpt":{"rendered":"<p>Vorverkauf: 35 \u20ac Abendkasse: 40 \u20ac Reservierung: 35 \u20ac luckyman concerts GbR Reservierungshotline +(49) 179 \/ 13 14 92 2 Kiosk am Brunnenhof \/ Garching\/Alz \/ +(49) 08634 \/ 98 66 61 6 Erm\u00e4\u00dfigte Tickets: 30 \u20ac 5 \u20ac Erm\u00e4\u00dfigung f\u00fcr BUFDIS, Sch\u00fcler, Studenten und Schwerbehinderte Rollstuhlfahrer zahlen keinen Eintritt \/ Anmeldung +(49) 179 \/&hellip;<\/p>\n","protected":false},"author":8,"featured_media":0,"parent":0,"menu_order":0,"comment_status":"closed","ping_status":"closed","template":"","meta":{"_et_pb_use_builder":"","_et_pb_old_content":"","_et_gb_content_width":"","ngg_post_thumbnail":0,"footnotes":""},"class_list":["post-19221","page","type-page","status-publish","hentry"],"_links":{"self":[{"href":"https:\/\/www.luckymanconcerts.de\/index.php?rest_route=\/wp\/v2\/pages\/19221","targetHints":{"allow":["GET"]}}],"collection":[{"href":"https:\/\/www.luckymanconcerts.de\/index.php?rest_route=\/wp\/v2\/pages"}],"about":[{"href":"https:\/\/www.luckymanconcerts.de\/index.php?rest_route=\/wp\/v2\/types\/page"}],"author":[{"embeddable":true,"href":"https:\/\/www.luckymanconcerts.de\/index.php?rest_route=\/wp\/v2\/users\/8"}],"replies":[{"embeddable":true,"href":"https:\/\/www.luckymanconcerts.de\/index.php?rest_route=%2Fwp%2Fv2%2Fcomments&post=19221"}],"version-history":[{"count":1,"href":"https:\/\/www.luckymanconcerts.de\/index.php?rest_route=\/wp\/v2\/pages\/19221\/revisions"}],"predecessor-version":[{"id":19222,"href":"https:\/\/www.luckymanconcerts.de\/index.php?rest_route=\/wp\/v2\/pages\/19221\/revisions\/19222"}],"wp:attachment":[{"href":"https:\/\/www.luckymanconcerts.de\/index.php?rest_route=%2Fwp%2Fv2%2Fmedia&parent=19221"}],"curies":[{"name":"wp","href":"https:\/\/api.w.org\/{rel}","templated":true}]}}