
{"id":504,"date":"2014-05-30T20:37:31","date_gmt":"2014-05-30T18:37:31","guid":{"rendered":"http:\/\/luckyman-concerts.de\/?page_id=504"},"modified":"2025-11-14T20:44:42","modified_gmt":"2025-11-14T18:44:42","slug":"ort","status":"publish","type":"page","link":"https:\/\/www.luckymanconcerts.de\/?page_id=504","title":{"rendered":"LOCATIONS"},"content":{"rendered":"<p>Nachdem die Entscheidung gefallen war, ein Rockkonzert zu veranstalten, begann eine lange Suche nach einer geeigneten Location. Gefunden haben wir das Alte Sudhaus (Saal) im Gasthaus Zum Br\u00e4u in Garching &#8211; Wald\/Alz. Im Januar 2005 war es dann soweit. Mit der heimischen Rockband Nolyn machten wir unsere erste music &#8211; night. Nach viele erfolgreichen Konzerten ist uns f\u00fcr wenige Konzerte der Br\u00e4usaal zu klein geworden.<br \/>\nSo landeten wir im B\u00fcrgerzentrum Burgkirchen. Eine Pink Floyd Show mit The Floyd Council und dem Kinderchor Montessorischule Unterneukirchen war hier im Mai 2009 unser erstes Konzert.<br \/>\nDer Reiz, auf dem Chiemsee ein Konzert zu machen, war zu gro\u00df. Im August 2013 stechen wir zum ersten Mal mit der MS Edeltraud in See. Mit dabei waren drei Bands &#8211; Thema Rock&#8217;n Roll.<br \/>\nEine weitere Eventhall kommt dazu. Im Kultur + Kongress Forum Alt\u00f6tting pr\u00e4sentieren wir am 31. Oktober 2014 Bolero Berlin &#8211; Berliner Philharmoniker spielen S\u00fcdamerikanisches.<br \/>\nDa dem nicht gen\u00fcge ist begeben wir uns auch noch in die Hauptstadt von Niederbayern. Die Alte Kaserne Landshut wird hier unsere Heimat. Mit unserer bekannten Pink Floyd Show werden wir dort am 17. Januar 2015 eine Konzertreihe starten.<br \/>\n&nbsp;<\/p>\n","protected":false},"excerpt":{"rendered":"<p>Nachdem die Entscheidung gefallen war, ein Rockkonzert zu veranstalten, begann eine lange Suche nach einer geeigneten Location. Gefunden haben wir das Alte Sudhaus (Saal) im Gasthaus Zum Br\u00e4u in Garching &#8211; Wald\/Alz. Im Januar 2005 war es dann soweit. Mit der heimischen Rockband Nolyn machten wir unsere erste music &#8211; night. Nach viele erfolgreichen Konzerten&hellip;<\/p>\n","protected":false},"author":1,"featured_media":0,"parent":0,"menu_order":0,"comment_status":"open","ping_status":"open","template":"","meta":{"_et_pb_use_builder":"","_et_pb_old_content":"","_et_gb_content_width":"","ngg_post_thumbnail":0,"footnotes":""},"class_list":["post-504","page","type-page","status-publish","hentry"],"_links":{"self":[{"href":"https:\/\/www.luckymanconcerts.de\/index.php?rest_route=\/wp\/v2\/pages\/504","targetHints":{"allow":["GET"]}}],"collection":[{"href":"https:\/\/www.luckymanconcerts.de\/index.php?rest_route=\/wp\/v2\/pages"}],"about":[{"href":"https:\/\/www.luckymanconcerts.de\/index.php?rest_route=\/wp\/v2\/types\/page"}],"author":[{"embeddable":true,"href":"https:\/\/www.luckymanconcerts.de\/index.php?rest_route=\/wp\/v2\/users\/1"}],"replies":[{"embeddable":true,"href":"https:\/\/www.luckymanconcerts.de\/index.php?rest_route=%2Fwp%2Fv2%2Fcomments&post=504"}],"version-history":[{"count":1,"href":"https:\/\/www.luckymanconcerts.de\/index.php?rest_route=\/wp\/v2\/pages\/504\/revisions"}],"predecessor-version":[{"id":19048,"href":"https:\/\/www.luckymanconcerts.de\/index.php?rest_route=\/wp\/v2\/pages\/504\/revisions\/19048"}],"wp:attachment":[{"href":"https:\/\/www.luckymanconcerts.de\/index.php?rest_route=%2Fwp%2Fv2%2Fmedia&parent=504"}],"curies":[{"name":"wp","href":"https:\/\/api.w.org\/{rel}","templated":true}]}}