
{"id":508,"date":"2014-05-30T20:41:45","date_gmt":"2014-05-30T18:41:45","guid":{"rendered":"http:\/\/luckyman-concerts.de\/?page_id=508"},"modified":"2014-11-14T22:59:08","modified_gmt":"2014-11-14T20:59:08","slug":"presse","status":"publish","type":"page","link":"https:\/\/www.luckymanconcerts.de\/?page_id=508","title":{"rendered":"PRESSE"},"content":{"rendered":"<h4>Pressekritiken<\/h4>\n<p>Mittlerweile ist auch die Presse auf uns aufmerksam geworden. Nahezu bei jeder Veranstaltung haben wir die Freude, Vertreter der heimischen Presse begr\u00fc\u00dfen zu d\u00fcrfen. Die Kritiken kommen vorwiegend von Redakteuren vom Alt-Neu\u00f6ttinger Anzeiger. Wir wollen diese Berichte nat\u00fcrlich zeigen und haben sie nach Jahreszahlen geordnet.<\/p>\n","protected":false},"excerpt":{"rendered":"<p>Pressekritiken Mittlerweile ist auch die Presse auf uns aufmerksam geworden. Nahezu bei jeder Veranstaltung haben wir die Freude, Vertreter der heimischen Presse begr\u00fc\u00dfen zu d\u00fcrfen. Die Kritiken kommen vorwiegend von Redakteuren vom Alt-Neu\u00f6ttinger Anzeiger. Wir wollen diese Berichte nat\u00fcrlich zeigen und haben sie nach Jahreszahlen geordnet.<\/p>\n","protected":false},"author":1,"featured_media":0,"parent":0,"menu_order":0,"comment_status":"open","ping_status":"closed","template":"","meta":{"_et_pb_use_builder":"","_et_pb_old_content":"","_et_gb_content_width":"","ngg_post_thumbnail":0,"footnotes":""},"class_list":["post-508","page","type-page","status-publish","hentry"],"_links":{"self":[{"href":"https:\/\/www.luckymanconcerts.de\/index.php?rest_route=\/wp\/v2\/pages\/508","targetHints":{"allow":["GET"]}}],"collection":[{"href":"https:\/\/www.luckymanconcerts.de\/index.php?rest_route=\/wp\/v2\/pages"}],"about":[{"href":"https:\/\/www.luckymanconcerts.de\/index.php?rest_route=\/wp\/v2\/types\/page"}],"author":[{"embeddable":true,"href":"https:\/\/www.luckymanconcerts.de\/index.php?rest_route=\/wp\/v2\/users\/1"}],"replies":[{"embeddable":true,"href":"https:\/\/www.luckymanconcerts.de\/index.php?rest_route=%2Fwp%2Fv2%2Fcomments&post=508"}],"version-history":[{"count":0,"href":"https:\/\/www.luckymanconcerts.de\/index.php?rest_route=\/wp\/v2\/pages\/508\/revisions"}],"wp:attachment":[{"href":"https:\/\/www.luckymanconcerts.de\/index.php?rest_route=%2Fwp%2Fv2%2Fmedia&parent=508"}],"curies":[{"name":"wp","href":"https:\/\/api.w.org\/{rel}","templated":true}]}}