
{"id":8282,"date":"2016-10-11T12:17:04","date_gmt":"2016-10-11T10:17:04","guid":{"rendered":"http:\/\/luckymanconcerts.de\/?page_id=8282"},"modified":"2025-09-17T19:58:31","modified_gmt":"2025-09-17T17:58:31","slug":"petzenhauser-waehlt","status":"publish","type":"page","link":"https:\/\/www.luckymanconcerts.de\/?page_id=8282","title":{"rendered":"Petzenhauser &#038; W\u00e4hlt"},"content":{"rendered":"<p><strong>Vorverkauf:<\/strong><br \/>\nKategorie 1: 29,50 \u20ac (inkl. Geb\u00fchren)<br \/>\nKategorie 2: 27,50 \u20ac (inkl. Geb\u00fchren)<br \/>\nGalerie 28,50 \u20ac (inkl. Geb\u00fchren)<\/p>\n<p><strong>Abendkasse:<\/strong> 32 \u20ac<\/p>\n<p><strong>Reservierung:<\/strong> Keine Reservierung<\/p>\n<p><strong>Erm\u00e4\u00dfigte Tickets:<\/strong> Keine Erm\u00e4\u00dfigung<\/p>\n<p><strong>Vorverkaufstellen:<\/strong><br \/>\n<a href=\"https:\/\/buergerzentrum.fairetickets.de\/jfgmr\/c\/u7nMFEMJD\/\" target=\"_blank\" rel=\"noopener\">Faire Tickets GmbH<\/a><br \/>\nB\u00fcrgerzentrum \/ Burgkirchen a. d. Alz \/ +(49) 08679 \/ 30 92 22<br \/>\nReiseb\u00fcro Kaleta \/ Burgkirchen a. d. Alz \/ +(49) 08679 \/ 96 99 93<\/p>\n<p><strong>Restkarten:<\/strong> An der Abendkasse vorhanden<\/p>\n<p><a href=\"http:\/\/luckymanconcerts.de\/?page_id=152\">Allgemeine Gesch\u00e4ftsbedingungen<\/a><\/p>\n","protected":false},"excerpt":{"rendered":"<p>Vorverkauf: Kategorie 1: 29,50 \u20ac (inkl. Geb\u00fchren) Kategorie 2: 27,50 \u20ac (inkl. Geb\u00fchren) Galerie 28,50 \u20ac (inkl. Geb\u00fchren) Abendkasse: 32 \u20ac Reservierung: Keine Reservierung Erm\u00e4\u00dfigte Tickets: Keine Erm\u00e4\u00dfigung Vorverkaufstellen: Faire Tickets GmbH B\u00fcrgerzentrum \/ Burgkirchen a. d. Alz \/ +(49) 08679 \/ 30 92 22 Reiseb\u00fcro Kaleta \/ Burgkirchen a. d. Alz \/ +(49) 08679&hellip;<\/p>\n","protected":false},"author":5,"featured_media":0,"parent":0,"menu_order":0,"comment_status":"closed","ping_status":"closed","template":"","meta":{"_et_pb_use_builder":"","_et_pb_old_content":"","_et_gb_content_width":"","ngg_post_thumbnail":0,"footnotes":""},"class_list":["post-8282","page","type-page","status-publish","hentry"],"_links":{"self":[{"href":"https:\/\/www.luckymanconcerts.de\/index.php?rest_route=\/wp\/v2\/pages\/8282","targetHints":{"allow":["GET"]}}],"collection":[{"href":"https:\/\/www.luckymanconcerts.de\/index.php?rest_route=\/wp\/v2\/pages"}],"about":[{"href":"https:\/\/www.luckymanconcerts.de\/index.php?rest_route=\/wp\/v2\/types\/page"}],"author":[{"embeddable":true,"href":"https:\/\/www.luckymanconcerts.de\/index.php?rest_route=\/wp\/v2\/users\/5"}],"replies":[{"embeddable":true,"href":"https:\/\/www.luckymanconcerts.de\/index.php?rest_route=%2Fwp%2Fv2%2Fcomments&post=8282"}],"version-history":[{"count":8,"href":"https:\/\/www.luckymanconcerts.de\/index.php?rest_route=\/wp\/v2\/pages\/8282\/revisions"}],"predecessor-version":[{"id":18316,"href":"https:\/\/www.luckymanconcerts.de\/index.php?rest_route=\/wp\/v2\/pages\/8282\/revisions\/18316"}],"wp:attachment":[{"href":"https:\/\/www.luckymanconcerts.de\/index.php?rest_route=%2Fwp%2Fv2%2Fmedia&parent=8282"}],"curies":[{"name":"wp","href":"https:\/\/api.w.org\/{rel}","templated":true}]}}